{"id":101,"date":"2024-01-28T10:40:38","date_gmt":"2024-01-28T13:40:38","guid":{"rendered":"https:\/\/plutonenlinea.com\/index.php\/our-story\/"},"modified":"2024-09-07T23:19:27","modified_gmt":"2024-09-08T02:19:27","slug":"our-story","status":"publish","type":"page","link":"https:\/\/plutonenlinea.com\/?page_id=101","title":{"rendered":"Un poco de mi vida."},"content":{"rendered":"\t\t<div data-elementor-type=\"wp-page\" data-elementor-id=\"101\" class=\"elementor elementor-101\">\n\t\t\t\t<div class=\"elementor-element elementor-element-47a8853c e-con-full e-flex e-con e-parent\" data-id=\"47a8853c\" data-element_type=\"container\">\n\t\t<div class=\"elementor-element elementor-element-17565af1 e-con-full e-flex e-con e-child\" data-id=\"17565af1\" data-element_type=\"container\" data-settings=\"{&quot;background_background&quot;:&quot;classic&quot;}\">\n\t\t\t\t<\/div>\n\t\t<div class=\"elementor-element elementor-element-8734fb e-con-full e-flex e-con e-child\" data-id=\"8734fb\" data-element_type=\"container\">\n\t\t\t\t<div class=\"elementor-element elementor-element-12836e92 elementor-widget elementor-widget-heading\" data-id=\"12836e92\" data-element_type=\"widget\" data-widget_type=\"heading.default\">\n\t\t\t\t<div class=\"elementor-widget-container\">\n\t\t\t<h6 class=\"elementor-heading-title elementor-size-default\">Una breve rese\u00f1a<\/h6>\t\t<\/div>\n\t\t\t\t<\/div>\n\t\t\t\t<div class=\"elementor-element elementor-element-3fd0410 elementor-widget elementor-widget-heading\" data-id=\"3fd0410\" data-element_type=\"widget\" data-widget_type=\"heading.default\">\n\t\t\t\t<div class=\"elementor-widget-container\">\n\t\t\t<h1 class=\"elementor-heading-title elementor-size-default\">Hola!<\/h1>\t\t<\/div>\n\t\t\t\t<\/div>\n\t\t\t\t<div class=\"elementor-element elementor-element-662ba29b elementor-invisible elementor-widget elementor-widget-text-editor\" data-id=\"662ba29b\" data-element_type=\"widget\" data-settings=\"{&quot;_animation&quot;:&quot;fadeIn&quot;,&quot;_animation_delay&quot;:400}\" data-widget_type=\"text-editor.default\">\n\t\t\t\t<div class=\"elementor-widget-container\">\n\t\t\t\t\t\t\t<p style=\"border: 0px solid #d9d9e3; --tw-border-spacing-x: 0; --tw-border-spacing-y: 0; --tw-translate-x: 0; --tw-translate-y: 0; --tw-rotate: 0; --tw-skew-x: 0; --tw-skew-y: 0; --tw-scale-x: 1; --tw-scale-y: 1; --tw-scroll-snap-strictness: proximity; --tw-ring-offset-width: 0px; --tw-ring-offset-color: #fff; --tw-ring-color: rgba(69,89,164,.5); --tw-ring-offset-shadow: 0 0 transparent; --tw-ring-shadow: 0 0 transparent; --tw-shadow: 0 0 transparent; --tw-shadow-colored: 0 0 transparent; margin-bottom: 1.25em; color: #374151; font-family: S\u00f6hne, ui-sans-serif, system-ui, -apple-system, 'Segoe UI', Roboto, Ubuntu, Cantarell, 'Noto Sans', sans-serif, 'Helvetica Neue', Arial, 'Apple Color Emoji', 'Segoe UI Emoji', 'Segoe UI Symbol', 'Noto Color Emoji'; font-size: 16px; white-space-collapse: preserve;\">Soy una apasionada de Buenos Aires, Argentina, con inter\u00e9s en la astrolog\u00eda desde los 15 a\u00f1os. Ahora, con 29 a\u00f1os, he decidido darle un rumbo definido a mi pasi\u00f3n y compartir mi conocimiento con ustedes.<\/p>\n<p style=\"border: 0px solid #d9d9e3; --tw-border-spacing-x: 0; --tw-border-spacing-y: 0; --tw-translate-x: 0; --tw-translate-y: 0; --tw-rotate: 0; --tw-skew-x: 0; --tw-skew-y: 0; --tw-scale-x: 1; --tw-scale-y: 1; --tw-scroll-snap-strictness: proximity; --tw-ring-offset-width: 0px; --tw-ring-offset-color: #fff; --tw-ring-color: rgba(69,89,164,.5); --tw-ring-offset-shadow: 0 0 transparent; --tw-ring-shadow: 0 0 transparent; --tw-shadow: 0 0 transparent; --tw-shadow-colored: 0 0 transparent; margin-top: 1.25em; margin-bottom: 1.25em; color: #374151; font-family: S\u00f6hne, ui-sans-serif, system-ui, -apple-system, 'Segoe UI', Roboto, Ubuntu, Cantarell, 'Noto Sans', sans-serif, 'Helvetica Neue', Arial, 'Apple Color Emoji', 'Segoe UI Emoji', 'Segoe UI Symbol', 'Noto Color Emoji'; font-size: 16px; white-space-collapse: preserve;\">Mi viaje en disciplinas como la astrolog\u00eda y el tarot ha sido una fuente de constante inspiraci\u00f3n y autoconocimiento. Adem\u00e1s, soy profesora de yoga, lo que me ha permitido integrar un poco m\u00e1s estas herramientas en mi vida diaria y ense\u00f1ar a otros c\u00f3mo conectarse con su ser interior.<\/p>\n<p style=\"border: 0px solid #d9d9e3; --tw-border-spacing-x: 0; --tw-border-spacing-y: 0; --tw-translate-x: 0; --tw-translate-y: 0; --tw-rotate: 0; --tw-skew-x: 0; --tw-skew-y: 0; --tw-scale-x: 1; --tw-scale-y: 1; --tw-scroll-snap-strictness: proximity; --tw-ring-offset-width: 0px; --tw-ring-offset-color: #fff; --tw-ring-color: rgba(69,89,164,.5); --tw-ring-offset-shadow: 0 0 transparent; --tw-ring-shadow: 0 0 transparent; --tw-shadow: 0 0 transparent; --tw-shadow-colored: 0 0 transparent; margin-top: 1.25em; margin-bottom: 1.25em; color: #374151; font-family: S\u00f6hne, ui-sans-serif, system-ui, -apple-system, 'Segoe UI', Roboto, Ubuntu, Cantarell, 'Noto Sans', sans-serif, 'Helvetica Neue', Arial, 'Apple Color Emoji', 'Segoe UI Emoji', 'Segoe UI Symbol', 'Noto Color Emoji'; font-size: 16px; white-space-collapse: preserve;\">Me encantar\u00eda que nos cruz\u00e1ramos en este fascinante camino. Juntos, podemos explorar las maravillas de la astrolog\u00eda y el tarot, utilizando estas herramientas para conectarnos m\u00e1s profundamente con nosotros mismos.<\/p>\n<p style=\"border: 0px solid #d9d9e3; --tw-border-spacing-x: 0; --tw-border-spacing-y: 0; --tw-translate-x: 0; --tw-translate-y: 0; --tw-rotate: 0; --tw-skew-x: 0; --tw-skew-y: 0; --tw-scale-x: 1; --tw-scale-y: 1; --tw-scroll-snap-strictness: proximity; --tw-ring-offset-width: 0px; --tw-ring-offset-color: #fff; --tw-ring-color: rgba(69,89,164,.5); --tw-ring-offset-shadow: 0 0 transparent; --tw-ring-shadow: 0 0 transparent; --tw-shadow: 0 0 transparent; --tw-shadow-colored: 0 0 transparent; margin-top: 1.25em; margin-bottom: 1.25em; color: #374151; font-family: S\u00f6hne, ui-sans-serif, system-ui, -apple-system, 'Segoe UI', Roboto, Ubuntu, Cantarell, 'Noto Sans', sans-serif, 'Helvetica Neue', Arial, 'Apple Color Emoji', 'Segoe UI Emoji', 'Segoe UI Symbol', 'Noto Color Emoji'; font-size: 16px; white-space-collapse: preserve;\">\u00a1Espero tener la oportunidad de compartir este asombroso viaje contigo!<\/p>\t\t\t\t\t\t<\/div>\n\t\t\t\t<\/div>\n\t\t\t\t<\/div>\n\t\t\t\t<\/div>\n\t\t<div class=\"elementor-element elementor-element-ea5a462 e-flex e-con-boxed e-con e-parent\" data-id=\"ea5a462\" data-element_type=\"container\">\n\t\t\t\t\t<div class=\"e-con-inner\">\n\t\t\t\t<div class=\"elementor-element elementor-element-00b2e60 elementor-view-default elementor-widget elementor-widget-icon\" data-id=\"00b2e60\" data-element_type=\"widget\" data-widget_type=\"icon.default\">\n\t\t\t\t<div class=\"elementor-widget-container\">\n\t\t\t\t\t<div class=\"elementor-icon-wrapper\">\n\t\t\t<a class=\"elementor-icon\" href=\"https:\/\/www.instagram.com\/plutonenlinea\/\">\n\t\t\t<svg aria-hidden=\"true\" class=\"e-font-icon-svg e-fab-instagram\" viewBox=\"0 0 448 512\" xmlns=\"http:\/\/www.w3.org\/2000\/svg\"><path d=\"M224.1 141c-63.6 0-114.9 51.3-114.9 114.9s51.3 114.9 114.9 114.9S339 319.5 339 255.9 287.7 141 224.1 141zm0 189.6c-41.1 0-74.7-33.5-74.7-74.7s33.5-74.7 74.7-74.7 74.7 33.5 74.7 74.7-33.6 74.7-74.7 74.7zm146.4-194.3c0 14.9-12 26.8-26.8 26.8-14.9 0-26.8-12-26.8-26.8s12-26.8 26.8-26.8 26.8 12 26.8 26.8zm76.1 27.2c-1.7-35.9-9.9-67.7-36.2-93.9-26.2-26.2-58-34.4-93.9-36.2-37-2.1-147.9-2.1-184.9 0-35.8 1.7-67.6 9.9-93.9 36.1s-34.4 58-36.2 93.9c-2.1 37-2.1 147.9 0 184.9 1.7 35.9 9.9 67.7 36.2 93.9s58 34.4 93.9 36.2c37 2.1 147.9 2.1 184.9 0 35.9-1.7 67.7-9.9 93.9-36.2 26.2-26.2 34.4-58 36.2-93.9 2.1-37 2.1-147.8 0-184.8zM398.8 388c-7.8 19.6-22.9 34.7-42.6 42.6-29.5 11.7-99.5 9-132.1 9s-102.7 2.6-132.1-9c-19.6-7.8-34.7-22.9-42.6-42.6-11.7-29.5-9-99.5-9-132.1s-2.6-102.7 9-132.1c7.8-19.6 22.9-34.7 42.6-42.6 29.5-11.7 99.5-9 132.1-9s102.7-2.6 132.1 9c19.6 7.8 34.7 22.9 42.6 42.6 11.7 29.5 9 99.5 9 132.1s2.7 102.7-9 132.1z\"><\/path><\/svg>\t\t\t<\/a>\n\t\t<\/div>\n\t\t\t\t<\/div>\n\t\t\t\t<\/div>\n\t\t\t\t\t<\/div>\n\t\t\t\t<\/div>\n\t\t\t\t<\/div>\n\t\t","protected":false},"excerpt":{"rendered":"<p>Una breve rese\u00f1a Hola! Soy una apasionada de Buenos Aires, Argentina, con inter\u00e9s en la astrolog\u00eda desde los 15 a\u00f1os. Ahora, con 29 a\u00f1os, he decidido darle un rumbo definido a mi pasi\u00f3n y compartir mi conocimiento con ustedes. Mi viaje en disciplinas como la astrolog\u00eda y el tarot ha sido una fuente de constante [&hellip;]<\/p>\n","protected":false},"author":1,"featured_media":105,"parent":0,"menu_order":0,"comment_status":"closed","ping_status":"closed","template":"elementor_header_footer","meta":{"_eb_attr":"","_monsterinsights_skip_tracking":false,"_monsterinsights_sitenote_active":false,"_monsterinsights_sitenote_note":"","_monsterinsights_sitenote_category":0,"_joinchat":[],"footnotes":""},"class_list":["post-101","page","type-page","status-publish","has-post-thumbnail","hentry","entry","has-media","owp-thumbs-layout-horizontal","owp-btn-normal","owp-tabs-layout-horizontal","has-no-thumbnails","has-product-nav"],"yoast_head":"<!-- This site is optimized with the Yoast SEO plugin v24.0 - https:\/\/yoast.com\/wordpress\/plugins\/seo\/ -->\n<title>Un poco de mi vida. - PLUTON EN LINEA<\/title>\n<meta name=\"robots\" content=\"index, follow, max-snippet:-1, max-image-preview:large, max-video-preview:-1\" \/>\n<link rel=\"canonical\" href=\"https:\/\/plutonenlinea.com\/?page_id=101\" \/>\n<meta property=\"og:locale\" content=\"es_ES\" \/>\n<meta property=\"og:type\" content=\"article\" \/>\n<meta property=\"og:title\" content=\"Un poco de mi vida. - PLUTON EN LINEA\" \/>\n<meta property=\"og:description\" content=\"Una breve rese\u00f1a Hola! Soy una apasionada de Buenos Aires, Argentina, con inter\u00e9s en la astrolog\u00eda desde los 15 a\u00f1os. Ahora, con 29 a\u00f1os, he decidido darle un rumbo definido a mi pasi\u00f3n y compartir mi conocimiento con ustedes. Mi viaje en disciplinas como la astrolog\u00eda y el tarot ha sido una fuente de constante [&hellip;]\" \/>\n<meta property=\"og:url\" content=\"https:\/\/plutonenlinea.com\/?page_id=101\" \/>\n<meta property=\"og:site_name\" content=\"PLUTON EN LINEA\" \/>\n<meta property=\"article:modified_time\" content=\"2024-09-08T02:19:27+00:00\" \/>\n<meta property=\"og:image\" content=\"https:\/\/mlhe0ulva4ue.i.optimole.com\/w:auto\/h:auto\/q:mauto\/ig:avif\/https:\/\/plutonenlinea.com\/wp-content\/uploads\/2024\/01\/Our-Story-400_380.jpg\" \/>\n\t<meta property=\"og:image:width\" content=\"400\" \/>\n\t<meta property=\"og:image:height\" content=\"380\" \/>\n\t<meta property=\"og:image:type\" content=\"image\/jpeg\" \/>\n<meta name=\"twitter:card\" content=\"summary_large_image\" \/>\n<meta name=\"twitter:label1\" content=\"Tiempo de lectura\" \/>\n\t<meta name=\"twitter:data1\" content=\"1 minuto\" \/>\n<script type=\"application\/ld+json\" class=\"yoast-schema-graph\">{\"@context\":\"https:\/\/schema.org\",\"@graph\":[{\"@type\":\"WebPage\",\"@id\":\"https:\/\/plutonenlinea.com\/?page_id=101\",\"url\":\"https:\/\/plutonenlinea.com\/?page_id=101\",\"name\":\"Un poco de mi vida. - PLUTON EN LINEA\",\"isPartOf\":{\"@id\":\"https:\/\/plutonenlinea.com\/#website\"},\"primaryImageOfPage\":{\"@id\":\"https:\/\/plutonenlinea.com\/?page_id=101#primaryimage\"},\"image\":{\"@id\":\"https:\/\/plutonenlinea.com\/?page_id=101#primaryimage\"},\"thumbnailUrl\":\"https:\/\/mlhe0ulva4ue.i.optimole.com\/w:auto\/h:auto\/q:mauto\/ig:avif\/https:\/\/plutonenlinea.com\/wp-content\/uploads\/2024\/01\/Our-Story-400_380.jpg\",\"datePublished\":\"2024-01-28T13:40:38+00:00\",\"dateModified\":\"2024-09-08T02:19:27+00:00\",\"breadcrumb\":{\"@id\":\"https:\/\/plutonenlinea.com\/?page_id=101#breadcrumb\"},\"inLanguage\":\"es-AR\",\"potentialAction\":[{\"@type\":\"ReadAction\",\"target\":[\"https:\/\/plutonenlinea.com\/?page_id=101\"]}]},{\"@type\":\"ImageObject\",\"inLanguage\":\"es-AR\",\"@id\":\"https:\/\/plutonenlinea.com\/?page_id=101#primaryimage\",\"url\":\"https:\/\/mlhe0ulva4ue.i.optimole.com\/w:auto\/h:auto\/q:mauto\/ig:avif\/https:\/\/plutonenlinea.com\/wp-content\/uploads\/2024\/01\/Our-Story-400_380.jpg\",\"contentUrl\":\"https:\/\/mlhe0ulva4ue.i.optimole.com\/w:auto\/h:auto\/q:mauto\/ig:avif\/https:\/\/plutonenlinea.com\/wp-content\/uploads\/2024\/01\/Our-Story-400_380.jpg\",\"width\":400,\"height\":380},{\"@type\":\"BreadcrumbList\",\"@id\":\"https:\/\/plutonenlinea.com\/?page_id=101#breadcrumb\",\"itemListElement\":[{\"@type\":\"ListItem\",\"position\":1,\"name\":\"Inicio\",\"item\":\"https:\/\/plutonenlinea.com\/\"},{\"@type\":\"ListItem\",\"position\":2,\"name\":\"Un poco de mi vida.\"}]},{\"@type\":\"WebSite\",\"@id\":\"https:\/\/plutonenlinea.com\/#website\",\"url\":\"https:\/\/plutonenlinea.com\/\",\"name\":\"PLUTON EN LINEA\",\"description\":\"Astrolog\u00eda y Tarot Evolutivo\",\"publisher\":{\"@id\":\"https:\/\/plutonenlinea.com\/#organization\"},\"potentialAction\":[{\"@type\":\"SearchAction\",\"target\":{\"@type\":\"EntryPoint\",\"urlTemplate\":\"https:\/\/plutonenlinea.com\/?s={search_term_string}\"},\"query-input\":{\"@type\":\"PropertyValueSpecification\",\"valueRequired\":true,\"valueName\":\"search_term_string\"}}],\"inLanguage\":\"es-AR\"},{\"@type\":\"Organization\",\"@id\":\"https:\/\/plutonenlinea.com\/#organization\",\"name\":\"PLUTON EN LINEA\",\"url\":\"https:\/\/plutonenlinea.com\/\",\"logo\":{\"@type\":\"ImageObject\",\"inLanguage\":\"es-AR\",\"@id\":\"https:\/\/plutonenlinea.com\/#\/schema\/logo\/image\/\",\"url\":\"https:\/\/mlhe0ulva4ue.i.optimole.com\/w:auto\/h:auto\/q:mauto\/ig:avif\/https:\/\/plutonenlinea.com\/wp-content\/uploads\/2024\/04\/cropped-cropped-Diseno-sin-titulo-1.png\",\"contentUrl\":\"https:\/\/mlhe0ulva4ue.i.optimole.com\/w:auto\/h:auto\/q:mauto\/ig:avif\/https:\/\/plutonenlinea.com\/wp-content\/uploads\/2024\/04\/cropped-cropped-Diseno-sin-titulo-1.png\",\"width\":512,\"height\":512,\"caption\":\"PLUTON EN LINEA\"},\"image\":{\"@id\":\"https:\/\/plutonenlinea.com\/#\/schema\/logo\/image\/\"},\"sameAs\":[\"https:\/\/www.instagram.com\/plutonenlinea\/\"]}]}<\/script>\n<!-- \/ Yoast SEO plugin. -->","yoast_head_json":{"title":"Un poco de mi vida. - PLUTON EN LINEA","robots":{"index":"index","follow":"follow","max-snippet":"max-snippet:-1","max-image-preview":"max-image-preview:large","max-video-preview":"max-video-preview:-1"},"canonical":"https:\/\/plutonenlinea.com\/?page_id=101","og_locale":"es_ES","og_type":"article","og_title":"Un poco de mi vida. - PLUTON EN LINEA","og_description":"Una breve rese\u00f1a Hola! Soy una apasionada de Buenos Aires, Argentina, con inter\u00e9s en la astrolog\u00eda desde los 15 a\u00f1os. Ahora, con 29 a\u00f1os, he decidido darle un rumbo definido a mi pasi\u00f3n y compartir mi conocimiento con ustedes. Mi viaje en disciplinas como la astrolog\u00eda y el tarot ha sido una fuente de constante [&hellip;]","og_url":"https:\/\/plutonenlinea.com\/?page_id=101","og_site_name":"PLUTON EN LINEA","article_modified_time":"2024-09-08T02:19:27+00:00","og_image":[{"width":400,"height":380,"url":"https:\/\/mlhe0ulva4ue.i.optimole.com\/w:auto\/h:auto\/q:mauto\/ig:avif\/https:\/\/plutonenlinea.com\/wp-content\/uploads\/2024\/01\/Our-Story-400_380.jpg","type":"image\/jpeg"}],"twitter_card":"summary_large_image","twitter_misc":{"Tiempo de lectura":"1 minuto"},"schema":{"@context":"https:\/\/schema.org","@graph":[{"@type":"WebPage","@id":"https:\/\/plutonenlinea.com\/?page_id=101","url":"https:\/\/plutonenlinea.com\/?page_id=101","name":"Un poco de mi vida. - PLUTON EN LINEA","isPartOf":{"@id":"https:\/\/plutonenlinea.com\/#website"},"primaryImageOfPage":{"@id":"https:\/\/plutonenlinea.com\/?page_id=101#primaryimage"},"image":{"@id":"https:\/\/plutonenlinea.com\/?page_id=101#primaryimage"},"thumbnailUrl":"https:\/\/mlhe0ulva4ue.i.optimole.com\/w:auto\/h:auto\/q:mauto\/ig:avif\/https:\/\/plutonenlinea.com\/wp-content\/uploads\/2024\/01\/Our-Story-400_380.jpg","datePublished":"2024-01-28T13:40:38+00:00","dateModified":"2024-09-08T02:19:27+00:00","breadcrumb":{"@id":"https:\/\/plutonenlinea.com\/?page_id=101#breadcrumb"},"inLanguage":"es-AR","potentialAction":[{"@type":"ReadAction","target":["https:\/\/plutonenlinea.com\/?page_id=101"]}]},{"@type":"ImageObject","inLanguage":"es-AR","@id":"https:\/\/plutonenlinea.com\/?page_id=101#primaryimage","url":"https:\/\/mlhe0ulva4ue.i.optimole.com\/w:auto\/h:auto\/q:mauto\/ig:avif\/https:\/\/plutonenlinea.com\/wp-content\/uploads\/2024\/01\/Our-Story-400_380.jpg","contentUrl":"https:\/\/mlhe0ulva4ue.i.optimole.com\/w:auto\/h:auto\/q:mauto\/ig:avif\/https:\/\/plutonenlinea.com\/wp-content\/uploads\/2024\/01\/Our-Story-400_380.jpg","width":400,"height":380},{"@type":"BreadcrumbList","@id":"https:\/\/plutonenlinea.com\/?page_id=101#breadcrumb","itemListElement":[{"@type":"ListItem","position":1,"name":"Inicio","item":"https:\/\/plutonenlinea.com\/"},{"@type":"ListItem","position":2,"name":"Un poco de mi vida."}]},{"@type":"WebSite","@id":"https:\/\/plutonenlinea.com\/#website","url":"https:\/\/plutonenlinea.com\/","name":"PLUTON EN LINEA","description":"Astrolog\u00eda y Tarot Evolutivo","publisher":{"@id":"https:\/\/plutonenlinea.com\/#organization"},"potentialAction":[{"@type":"SearchAction","target":{"@type":"EntryPoint","urlTemplate":"https:\/\/plutonenlinea.com\/?s={search_term_string}"},"query-input":{"@type":"PropertyValueSpecification","valueRequired":true,"valueName":"search_term_string"}}],"inLanguage":"es-AR"},{"@type":"Organization","@id":"https:\/\/plutonenlinea.com\/#organization","name":"PLUTON EN LINEA","url":"https:\/\/plutonenlinea.com\/","logo":{"@type":"ImageObject","inLanguage":"es-AR","@id":"https:\/\/plutonenlinea.com\/#\/schema\/logo\/image\/","url":"https:\/\/mlhe0ulva4ue.i.optimole.com\/w:auto\/h:auto\/q:mauto\/ig:avif\/https:\/\/plutonenlinea.com\/wp-content\/uploads\/2024\/04\/cropped-cropped-Diseno-sin-titulo-1.png","contentUrl":"https:\/\/mlhe0ulva4ue.i.optimole.com\/w:auto\/h:auto\/q:mauto\/ig:avif\/https:\/\/plutonenlinea.com\/wp-content\/uploads\/2024\/04\/cropped-cropped-Diseno-sin-titulo-1.png","width":512,"height":512,"caption":"PLUTON EN LINEA"},"image":{"@id":"https:\/\/plutonenlinea.com\/#\/schema\/logo\/image\/"},"sameAs":["https:\/\/www.instagram.com\/plutonenlinea\/"]}]}},"_links":{"self":[{"href":"https:\/\/plutonenlinea.com\/index.php?rest_route=\/wp\/v2\/pages\/101","targetHints":{"allow":["GET"]}}],"collection":[{"href":"https:\/\/plutonenlinea.com\/index.php?rest_route=\/wp\/v2\/pages"}],"about":[{"href":"https:\/\/plutonenlinea.com\/index.php?rest_route=\/wp\/v2\/types\/page"}],"author":[{"embeddable":true,"href":"https:\/\/plutonenlinea.com\/index.php?rest_route=\/wp\/v2\/users\/1"}],"replies":[{"embeddable":true,"href":"https:\/\/plutonenlinea.com\/index.php?rest_route=%2Fwp%2Fv2%2Fcomments&post=101"}],"version-history":[{"count":0,"href":"https:\/\/plutonenlinea.com\/index.php?rest_route=\/wp\/v2\/pages\/101\/revisions"}],"wp:featuredmedia":[{"embeddable":true,"href":"https:\/\/plutonenlinea.com\/index.php?rest_route=\/wp\/v2\/media\/105"}],"wp:attachment":[{"href":"https:\/\/plutonenlinea.com\/index.php?rest_route=%2Fwp%2Fv2%2Fmedia&parent=101"}],"curies":[{"name":"wp","href":"https:\/\/api.w.org\/{rel}","templated":true}]}}