{"id":941,"date":"2024-12-01T14:31:59","date_gmt":"2024-12-01T17:31:59","guid":{"rendered":"https:\/\/plutonenlinea.com\/?post_type=product&#038;p=941"},"modified":"2025-01-30T22:56:07","modified_gmt":"2025-01-31T01:56:07","slug":"dije-onix-cielo-rolado","status":"publish","type":"product","link":"https:\/\/plutonenlinea.com\/?product=dije-onix-cielo-rolado","title":{"rendered":"Dije Onix Cielo Rolado"},"content":{"rendered":"","protected":false},"excerpt":{"rendered":"<p>El \u00f3nix cielo es una piedra de paz y tranquilidad. Su tono azul suave invita a la meditaci\u00f3n y a la introspecci\u00f3n. Se cree que ayuda a liberar el estr\u00e9s y a promover un estado de \u00e1nimo equilibrado. Llevar esta piedra es ideal para quienes buscan una conexi\u00f3n m\u00e1s profunda con su ser interior.<\/p>\n","protected":false},"featured_media":942,"comment_status":"open","ping_status":"closed","template":"","meta":{"_eb_attr":"","_monsterinsights_skip_tracking":false,"_monsterinsights_sitenote_active":false,"_monsterinsights_sitenote_note":"","_monsterinsights_sitenote_category":0,"_joinchat":[]},"product_brand":[],"product_cat":[113],"product_tag":[],"class_list":{"0":"post-941","1":"product","2":"type-product","3":"status-publish","4":"has-post-thumbnail","6":"product_cat-dijes","8":"entry","9":"has-media","11":"first","12":"instock","13":"taxable","14":"shipping-taxable","15":"purchasable","16":"product-type-simple","17":"has-product-nav","18":"col","19":"span_1_of_3","20":"owp-content-center","21":"owp-thumbs-layout-horizontal","22":"owp-btn-normal","23":"owp-tabs-layout-horizontal","24":"has-no-thumbnails"},"yoast_head":"<!-- This site is optimized with the Yoast SEO plugin v24.0 - https:\/\/yoast.com\/wordpress\/plugins\/seo\/ -->\n<title>Dije Onix Cielo Rolado - PLUTON EN LINEA<\/title>\n<meta name=\"robots\" content=\"index, follow, max-snippet:-1, max-image-preview:large, max-video-preview:-1\" \/>\n<link rel=\"canonical\" href=\"https:\/\/plutonenlinea.com\/?product=dije-onix-cielo-rolado\" \/>\n<meta property=\"og:locale\" content=\"es_ES\" \/>\n<meta property=\"og:type\" content=\"article\" \/>\n<meta property=\"og:title\" content=\"Dije Onix Cielo Rolado - PLUTON EN LINEA\" \/>\n<meta property=\"og:description\" content=\"El \u00f3nix cielo es una piedra de paz y tranquilidad. Su tono azul suave invita a la meditaci\u00f3n y a la introspecci\u00f3n. Se cree que ayuda a liberar el estr\u00e9s y a promover un estado de \u00e1nimo equilibrado. Llevar esta piedra es ideal para quienes buscan una conexi\u00f3n m\u00e1s profunda con su ser interior.\" \/>\n<meta property=\"og:url\" content=\"https:\/\/plutonenlinea.com\/?product=dije-onix-cielo-rolado\" \/>\n<meta property=\"og:site_name\" content=\"PLUTON EN LINEA\" \/>\n<meta property=\"article:modified_time\" content=\"2025-01-31T01:56:07+00:00\" \/>\n<meta property=\"og:image\" content=\"https:\/\/mlhe0ulva4ue.i.optimole.com\/w:auto\/h:auto\/q:mauto\/ig:avif\/https:\/\/plutonenlinea.com\/wp-content\/uploads\/2024\/12\/60-e1733588463962.png\" \/>\n\t<meta property=\"og:image:width\" content=\"680\" \/>\n\t<meta property=\"og:image:height\" content=\"688\" \/>\n\t<meta property=\"og:image:type\" content=\"image\/png\" \/>\n<meta name=\"twitter:card\" content=\"summary_large_image\" \/>\n<meta name=\"twitter:label1\" content=\"Tiempo de lectura\" \/>\n\t<meta name=\"twitter:data1\" content=\"1 minuto\" \/>\n<script type=\"application\/ld+json\" class=\"yoast-schema-graph\">{\"@context\":\"https:\/\/schema.org\",\"@graph\":[{\"@type\":\"WebPage\",\"@id\":\"https:\/\/plutonenlinea.com\/?product=dije-onix-cielo-rolado\",\"url\":\"https:\/\/plutonenlinea.com\/?product=dije-onix-cielo-rolado\",\"name\":\"Dije Onix Cielo Rolado - PLUTON EN LINEA\",\"isPartOf\":{\"@id\":\"https:\/\/plutonenlinea.com\/#website\"},\"primaryImageOfPage\":{\"@id\":\"https:\/\/plutonenlinea.com\/?product=dije-onix-cielo-rolado#primaryimage\"},\"image\":{\"@id\":\"https:\/\/plutonenlinea.com\/?product=dije-onix-cielo-rolado#primaryimage\"},\"thumbnailUrl\":\"https:\/\/mlhe0ulva4ue.i.optimole.com\/w:auto\/h:auto\/q:mauto\/ig:avif\/https:\/\/plutonenlinea.com\/wp-content\/uploads\/2024\/12\/60-e1733588463962.png\",\"datePublished\":\"2024-12-01T17:31:59+00:00\",\"dateModified\":\"2025-01-31T01:56:07+00:00\",\"breadcrumb\":{\"@id\":\"https:\/\/plutonenlinea.com\/?product=dije-onix-cielo-rolado#breadcrumb\"},\"inLanguage\":\"es-AR\",\"potentialAction\":[{\"@type\":\"ReadAction\",\"target\":[\"https:\/\/plutonenlinea.com\/?product=dije-onix-cielo-rolado\"]}]},{\"@type\":\"ImageObject\",\"inLanguage\":\"es-AR\",\"@id\":\"https:\/\/plutonenlinea.com\/?product=dije-onix-cielo-rolado#primaryimage\",\"url\":\"https:\/\/mlhe0ulva4ue.i.optimole.com\/w:auto\/h:auto\/q:mauto\/ig:avif\/https:\/\/plutonenlinea.com\/wp-content\/uploads\/2024\/12\/60-e1733588463962.png\",\"contentUrl\":\"https:\/\/mlhe0ulva4ue.i.optimole.com\/w:auto\/h:auto\/q:mauto\/ig:avif\/https:\/\/plutonenlinea.com\/wp-content\/uploads\/2024\/12\/60-e1733588463962.png\",\"width\":680,\"height\":688},{\"@type\":\"BreadcrumbList\",\"@id\":\"https:\/\/plutonenlinea.com\/?product=dije-onix-cielo-rolado#breadcrumb\",\"itemListElement\":[{\"@type\":\"ListItem\",\"position\":1,\"name\":\"Inicio\",\"item\":\"https:\/\/plutonenlinea.com\/\"},{\"@type\":\"ListItem\",\"position\":2,\"name\":\"Tienda\",\"item\":\"https:\/\/plutonenlinea.com\/?page_id=59\"},{\"@type\":\"ListItem\",\"position\":3,\"name\":\"Dije Onix Cielo Rolado\"}]},{\"@type\":\"WebSite\",\"@id\":\"https:\/\/plutonenlinea.com\/#website\",\"url\":\"https:\/\/plutonenlinea.com\/\",\"name\":\"PLUTON EN LINEA\",\"description\":\"Astrolog\u00eda y Tarot Evolutivo\",\"publisher\":{\"@id\":\"https:\/\/plutonenlinea.com\/#organization\"},\"potentialAction\":[{\"@type\":\"SearchAction\",\"target\":{\"@type\":\"EntryPoint\",\"urlTemplate\":\"https:\/\/plutonenlinea.com\/?s={search_term_string}\"},\"query-input\":{\"@type\":\"PropertyValueSpecification\",\"valueRequired\":true,\"valueName\":\"search_term_string\"}}],\"inLanguage\":\"es-AR\"},{\"@type\":\"Organization\",\"@id\":\"https:\/\/plutonenlinea.com\/#organization\",\"name\":\"PLUTON EN LINEA\",\"url\":\"https:\/\/plutonenlinea.com\/\",\"logo\":{\"@type\":\"ImageObject\",\"inLanguage\":\"es-AR\",\"@id\":\"https:\/\/plutonenlinea.com\/#\/schema\/logo\/image\/\",\"url\":\"https:\/\/mlhe0ulva4ue.i.optimole.com\/w:auto\/h:auto\/q:mauto\/ig:avif\/https:\/\/plutonenlinea.com\/wp-content\/uploads\/2024\/04\/cropped-cropped-Diseno-sin-titulo-1.png\",\"contentUrl\":\"https:\/\/mlhe0ulva4ue.i.optimole.com\/w:auto\/h:auto\/q:mauto\/ig:avif\/https:\/\/plutonenlinea.com\/wp-content\/uploads\/2024\/04\/cropped-cropped-Diseno-sin-titulo-1.png\",\"width\":512,\"height\":512,\"caption\":\"PLUTON EN LINEA\"},\"image\":{\"@id\":\"https:\/\/plutonenlinea.com\/#\/schema\/logo\/image\/\"},\"sameAs\":[\"https:\/\/www.instagram.com\/plutonenlinea\/\"]}]}<\/script>\n<!-- \/ Yoast SEO plugin. -->","yoast_head_json":{"title":"Dije Onix Cielo Rolado - PLUTON EN LINEA","robots":{"index":"index","follow":"follow","max-snippet":"max-snippet:-1","max-image-preview":"max-image-preview:large","max-video-preview":"max-video-preview:-1"},"canonical":"https:\/\/plutonenlinea.com\/?product=dije-onix-cielo-rolado","og_locale":"es_ES","og_type":"article","og_title":"Dije Onix Cielo Rolado - PLUTON EN LINEA","og_description":"El \u00f3nix cielo es una piedra de paz y tranquilidad. Su tono azul suave invita a la meditaci\u00f3n y a la introspecci\u00f3n. Se cree que ayuda a liberar el estr\u00e9s y a promover un estado de \u00e1nimo equilibrado. Llevar esta piedra es ideal para quienes buscan una conexi\u00f3n m\u00e1s profunda con su ser interior.","og_url":"https:\/\/plutonenlinea.com\/?product=dije-onix-cielo-rolado","og_site_name":"PLUTON EN LINEA","article_modified_time":"2025-01-31T01:56:07+00:00","og_image":[{"width":680,"height":688,"url":"https:\/\/mlhe0ulva4ue.i.optimole.com\/w:auto\/h:auto\/q:mauto\/ig:avif\/https:\/\/plutonenlinea.com\/wp-content\/uploads\/2024\/12\/60-e1733588463962.png","type":"image\/png"}],"twitter_card":"summary_large_image","twitter_misc":{"Tiempo de lectura":"1 minuto"},"schema":{"@context":"https:\/\/schema.org","@graph":[{"@type":"WebPage","@id":"https:\/\/plutonenlinea.com\/?product=dije-onix-cielo-rolado","url":"https:\/\/plutonenlinea.com\/?product=dije-onix-cielo-rolado","name":"Dije Onix Cielo Rolado - PLUTON EN LINEA","isPartOf":{"@id":"https:\/\/plutonenlinea.com\/#website"},"primaryImageOfPage":{"@id":"https:\/\/plutonenlinea.com\/?product=dije-onix-cielo-rolado#primaryimage"},"image":{"@id":"https:\/\/plutonenlinea.com\/?product=dije-onix-cielo-rolado#primaryimage"},"thumbnailUrl":"https:\/\/mlhe0ulva4ue.i.optimole.com\/w:auto\/h:auto\/q:mauto\/ig:avif\/https:\/\/plutonenlinea.com\/wp-content\/uploads\/2024\/12\/60-e1733588463962.png","datePublished":"2024-12-01T17:31:59+00:00","dateModified":"2025-01-31T01:56:07+00:00","breadcrumb":{"@id":"https:\/\/plutonenlinea.com\/?product=dije-onix-cielo-rolado#breadcrumb"},"inLanguage":"es-AR","potentialAction":[{"@type":"ReadAction","target":["https:\/\/plutonenlinea.com\/?product=dije-onix-cielo-rolado"]}]},{"@type":"ImageObject","inLanguage":"es-AR","@id":"https:\/\/plutonenlinea.com\/?product=dije-onix-cielo-rolado#primaryimage","url":"https:\/\/mlhe0ulva4ue.i.optimole.com\/w:auto\/h:auto\/q:mauto\/ig:avif\/https:\/\/plutonenlinea.com\/wp-content\/uploads\/2024\/12\/60-e1733588463962.png","contentUrl":"https:\/\/mlhe0ulva4ue.i.optimole.com\/w:auto\/h:auto\/q:mauto\/ig:avif\/https:\/\/plutonenlinea.com\/wp-content\/uploads\/2024\/12\/60-e1733588463962.png","width":680,"height":688},{"@type":"BreadcrumbList","@id":"https:\/\/plutonenlinea.com\/?product=dije-onix-cielo-rolado#breadcrumb","itemListElement":[{"@type":"ListItem","position":1,"name":"Inicio","item":"https:\/\/plutonenlinea.com\/"},{"@type":"ListItem","position":2,"name":"Tienda","item":"https:\/\/plutonenlinea.com\/?page_id=59"},{"@type":"ListItem","position":3,"name":"Dije Onix Cielo Rolado"}]},{"@type":"WebSite","@id":"https:\/\/plutonenlinea.com\/#website","url":"https:\/\/plutonenlinea.com\/","name":"PLUTON EN LINEA","description":"Astrolog\u00eda y Tarot Evolutivo","publisher":{"@id":"https:\/\/plutonenlinea.com\/#organization"},"potentialAction":[{"@type":"SearchAction","target":{"@type":"EntryPoint","urlTemplate":"https:\/\/plutonenlinea.com\/?s={search_term_string}"},"query-input":{"@type":"PropertyValueSpecification","valueRequired":true,"valueName":"search_term_string"}}],"inLanguage":"es-AR"},{"@type":"Organization","@id":"https:\/\/plutonenlinea.com\/#organization","name":"PLUTON EN LINEA","url":"https:\/\/plutonenlinea.com\/","logo":{"@type":"ImageObject","inLanguage":"es-AR","@id":"https:\/\/plutonenlinea.com\/#\/schema\/logo\/image\/","url":"https:\/\/mlhe0ulva4ue.i.optimole.com\/w:auto\/h:auto\/q:mauto\/ig:avif\/https:\/\/plutonenlinea.com\/wp-content\/uploads\/2024\/04\/cropped-cropped-Diseno-sin-titulo-1.png","contentUrl":"https:\/\/mlhe0ulva4ue.i.optimole.com\/w:auto\/h:auto\/q:mauto\/ig:avif\/https:\/\/plutonenlinea.com\/wp-content\/uploads\/2024\/04\/cropped-cropped-Diseno-sin-titulo-1.png","width":512,"height":512,"caption":"PLUTON EN LINEA"},"image":{"@id":"https:\/\/plutonenlinea.com\/#\/schema\/logo\/image\/"},"sameAs":["https:\/\/www.instagram.com\/plutonenlinea\/"]}]}},"_links":{"self":[{"href":"https:\/\/plutonenlinea.com\/index.php?rest_route=\/wp\/v2\/product\/941","targetHints":{"allow":["GET"]}}],"collection":[{"href":"https:\/\/plutonenlinea.com\/index.php?rest_route=\/wp\/v2\/product"}],"about":[{"href":"https:\/\/plutonenlinea.com\/index.php?rest_route=\/wp\/v2\/types\/product"}],"replies":[{"embeddable":true,"href":"https:\/\/plutonenlinea.com\/index.php?rest_route=%2Fwp%2Fv2%2Fcomments&post=941"}],"version-history":[{"count":2,"href":"https:\/\/plutonenlinea.com\/index.php?rest_route=\/wp\/v2\/product\/941\/revisions"}],"predecessor-version":[{"id":1075,"href":"https:\/\/plutonenlinea.com\/index.php?rest_route=\/wp\/v2\/product\/941\/revisions\/1075"}],"wp:featuredmedia":[{"embeddable":true,"href":"https:\/\/plutonenlinea.com\/index.php?rest_route=\/wp\/v2\/media\/942"}],"wp:attachment":[{"href":"https:\/\/plutonenlinea.com\/index.php?rest_route=%2Fwp%2Fv2%2Fmedia&parent=941"}],"wp:term":[{"taxonomy":"product_brand","embeddable":true,"href":"https:\/\/plutonenlinea.com\/index.php?rest_route=%2Fwp%2Fv2%2Fproduct_brand&post=941"},{"taxonomy":"product_cat","embeddable":true,"href":"https:\/\/plutonenlinea.com\/index.php?rest_route=%2Fwp%2Fv2%2Fproduct_cat&post=941"},{"taxonomy":"product_tag","embeddable":true,"href":"https:\/\/plutonenlinea.com\/index.php?rest_route=%2Fwp%2Fv2%2Fproduct_tag&post=941"}],"curies":[{"name":"wp","href":"https:\/\/api.w.org\/{rel}","templated":true}]}}