{"id":988,"date":"2024-12-01T15:08:52","date_gmt":"2024-12-01T18:08:52","guid":{"rendered":"https:\/\/plutonenlinea.com\/?post_type=product&#038;p=988"},"modified":"2025-01-30T23:08:51","modified_gmt":"2025-01-31T02:08:51","slug":"dije-agata-calcedonia-plateado","status":"publish","type":"product","link":"https:\/\/plutonenlinea.com\/?product=dije-agata-calcedonia-plateado","title":{"rendered":"Dije \u00c1gata Calcedonia Plateado"},"content":{"rendered":"","protected":false},"excerpt":{"rendered":"<p>La \u00e1gata calcedonia es una piedra de comunicaci\u00f3n y calma. Con su suave color azul, promueve la paz interior y la honestidad en la expresi\u00f3n. Se considera un excelente apoyo para quienes buscan mejorar sus habilidades comunicativas y fomentar la conexi\u00f3n emocional. Llevarla en dijes o aros te envuelve en su energ\u00eda serena, ayud\u00e1ndote a encontrar tu voz y transmitir tus pensamientos con claridad.<\/p>\n","protected":false},"featured_media":989,"comment_status":"open","ping_status":"closed","template":"","meta":{"_eb_attr":"","_monsterinsights_skip_tracking":false,"_monsterinsights_sitenote_active":false,"_monsterinsights_sitenote_note":"","_monsterinsights_sitenote_category":0,"_joinchat":[]},"product_brand":[],"product_cat":[113],"product_tag":[],"class_list":{"0":"post-988","1":"product","2":"type-product","3":"status-publish","4":"has-post-thumbnail","6":"product_cat-dijes","8":"entry","9":"has-media","11":"first","12":"instock","13":"taxable","14":"shipping-taxable","15":"purchasable","16":"product-type-simple","17":"has-product-nav","18":"col","19":"span_1_of_3","20":"owp-content-center","21":"owp-thumbs-layout-horizontal","22":"owp-btn-normal","23":"owp-tabs-layout-horizontal","24":"has-no-thumbnails"},"yoast_head":"<!-- This site is optimized with the Yoast SEO plugin v24.0 - https:\/\/yoast.com\/wordpress\/plugins\/seo\/ -->\n<title>Dije \u00c1gata Calcedonia<\/title>\n<meta name=\"robots\" content=\"index, follow, max-snippet:-1, max-image-preview:large, max-video-preview:-1\" \/>\n<link rel=\"canonical\" href=\"https:\/\/plutonenlinea.com\/?product=dije-agata-calcedonia-plateado\" \/>\n<meta property=\"og:locale\" content=\"es_ES\" \/>\n<meta property=\"og:type\" content=\"article\" \/>\n<meta property=\"og:title\" content=\"Dije \u00c1gata Calcedonia\" \/>\n<meta property=\"og:description\" content=\"La \u00e1gata calcedonia es una piedra de comunicaci\u00f3n y calma. Con su suave color azul, promueve la paz interior y la honestidad en la expresi\u00f3n. Se considera un excelente apoyo para quienes buscan mejorar sus habilidades comunicativas y fomentar la conexi\u00f3n emocional. Llevarla en dijes o aros te envuelve en su energ\u00eda serena, ayud\u00e1ndote a encontrar tu voz y transmitir tus pensamientos con claridad.\" \/>\n<meta property=\"og:url\" content=\"https:\/\/plutonenlinea.com\/?product=dije-agata-calcedonia-plateado\" \/>\n<meta property=\"og:site_name\" content=\"PLUTON EN LINEA\" \/>\n<meta property=\"article:modified_time\" content=\"2025-01-31T02:08:51+00:00\" \/>\n<meta property=\"og:image\" content=\"https:\/\/mlhe0ulva4ue.i.optimole.com\/w:auto\/h:auto\/q:mauto\/ig:avif\/https:\/\/plutonenlinea.com\/wp-content\/uploads\/2024\/12\/59-e1733587276769.png\" \/>\n\t<meta property=\"og:image:width\" content=\"780\" \/>\n\t<meta property=\"og:image:height\" content=\"780\" \/>\n\t<meta property=\"og:image:type\" content=\"image\/png\" \/>\n<meta name=\"twitter:card\" content=\"summary_large_image\" \/>\n<meta name=\"twitter:label1\" content=\"Tiempo de lectura\" \/>\n\t<meta name=\"twitter:data1\" content=\"1 minuto\" \/>\n<script type=\"application\/ld+json\" class=\"yoast-schema-graph\">{\"@context\":\"https:\/\/schema.org\",\"@graph\":[{\"@type\":\"WebPage\",\"@id\":\"https:\/\/plutonenlinea.com\/?product=dije-agata-calcedonia-plateado\",\"url\":\"https:\/\/plutonenlinea.com\/?product=dije-agata-calcedonia-plateado\",\"name\":\"Dije \u00c1gata Calcedonia\",\"isPartOf\":{\"@id\":\"https:\/\/plutonenlinea.com\/#website\"},\"primaryImageOfPage\":{\"@id\":\"https:\/\/plutonenlinea.com\/?product=dije-agata-calcedonia-plateado#primaryimage\"},\"image\":{\"@id\":\"https:\/\/plutonenlinea.com\/?product=dije-agata-calcedonia-plateado#primaryimage\"},\"thumbnailUrl\":\"https:\/\/mlhe0ulva4ue.i.optimole.com\/w:auto\/h:auto\/q:mauto\/ig:avif\/https:\/\/plutonenlinea.com\/wp-content\/uploads\/2024\/12\/59-e1733587276769.png\",\"datePublished\":\"2024-12-01T18:08:52+00:00\",\"dateModified\":\"2025-01-31T02:08:51+00:00\",\"breadcrumb\":{\"@id\":\"https:\/\/plutonenlinea.com\/?product=dije-agata-calcedonia-plateado#breadcrumb\"},\"inLanguage\":\"es-AR\",\"potentialAction\":[{\"@type\":\"ReadAction\",\"target\":[\"https:\/\/plutonenlinea.com\/?product=dije-agata-calcedonia-plateado\"]}]},{\"@type\":\"ImageObject\",\"inLanguage\":\"es-AR\",\"@id\":\"https:\/\/plutonenlinea.com\/?product=dije-agata-calcedonia-plateado#primaryimage\",\"url\":\"https:\/\/mlhe0ulva4ue.i.optimole.com\/w:auto\/h:auto\/q:mauto\/ig:avif\/https:\/\/plutonenlinea.com\/wp-content\/uploads\/2024\/12\/59-e1733587276769.png\",\"contentUrl\":\"https:\/\/mlhe0ulva4ue.i.optimole.com\/w:auto\/h:auto\/q:mauto\/ig:avif\/https:\/\/plutonenlinea.com\/wp-content\/uploads\/2024\/12\/59-e1733587276769.png\",\"width\":780,\"height\":780},{\"@type\":\"BreadcrumbList\",\"@id\":\"https:\/\/plutonenlinea.com\/?product=dije-agata-calcedonia-plateado#breadcrumb\",\"itemListElement\":[{\"@type\":\"ListItem\",\"position\":1,\"name\":\"Inicio\",\"item\":\"https:\/\/plutonenlinea.com\/\"},{\"@type\":\"ListItem\",\"position\":2,\"name\":\"Tienda\",\"item\":\"https:\/\/plutonenlinea.com\/?page_id=59\"},{\"@type\":\"ListItem\",\"position\":3,\"name\":\"Dije \u00c1gata Calcedonia Plateado\"}]},{\"@type\":\"WebSite\",\"@id\":\"https:\/\/plutonenlinea.com\/#website\",\"url\":\"https:\/\/plutonenlinea.com\/\",\"name\":\"PLUTON EN LINEA\",\"description\":\"Astrolog\u00eda y Tarot Evolutivo\",\"publisher\":{\"@id\":\"https:\/\/plutonenlinea.com\/#organization\"},\"potentialAction\":[{\"@type\":\"SearchAction\",\"target\":{\"@type\":\"EntryPoint\",\"urlTemplate\":\"https:\/\/plutonenlinea.com\/?s={search_term_string}\"},\"query-input\":{\"@type\":\"PropertyValueSpecification\",\"valueRequired\":true,\"valueName\":\"search_term_string\"}}],\"inLanguage\":\"es-AR\"},{\"@type\":\"Organization\",\"@id\":\"https:\/\/plutonenlinea.com\/#organization\",\"name\":\"PLUTON EN LINEA\",\"url\":\"https:\/\/plutonenlinea.com\/\",\"logo\":{\"@type\":\"ImageObject\",\"inLanguage\":\"es-AR\",\"@id\":\"https:\/\/plutonenlinea.com\/#\/schema\/logo\/image\/\",\"url\":\"https:\/\/mlhe0ulva4ue.i.optimole.com\/w:auto\/h:auto\/q:mauto\/ig:avif\/https:\/\/plutonenlinea.com\/wp-content\/uploads\/2024\/04\/cropped-cropped-Diseno-sin-titulo-1.png\",\"contentUrl\":\"https:\/\/mlhe0ulva4ue.i.optimole.com\/w:auto\/h:auto\/q:mauto\/ig:avif\/https:\/\/plutonenlinea.com\/wp-content\/uploads\/2024\/04\/cropped-cropped-Diseno-sin-titulo-1.png\",\"width\":512,\"height\":512,\"caption\":\"PLUTON EN LINEA\"},\"image\":{\"@id\":\"https:\/\/plutonenlinea.com\/#\/schema\/logo\/image\/\"},\"sameAs\":[\"https:\/\/www.instagram.com\/plutonenlinea\/\"]}]}<\/script>\n<!-- \/ Yoast SEO plugin. -->","yoast_head_json":{"title":"Dije \u00c1gata Calcedonia","robots":{"index":"index","follow":"follow","max-snippet":"max-snippet:-1","max-image-preview":"max-image-preview:large","max-video-preview":"max-video-preview:-1"},"canonical":"https:\/\/plutonenlinea.com\/?product=dije-agata-calcedonia-plateado","og_locale":"es_ES","og_type":"article","og_title":"Dije \u00c1gata Calcedonia","og_description":"La \u00e1gata calcedonia es una piedra de comunicaci\u00f3n y calma. Con su suave color azul, promueve la paz interior y la honestidad en la expresi\u00f3n. Se considera un excelente apoyo para quienes buscan mejorar sus habilidades comunicativas y fomentar la conexi\u00f3n emocional. Llevarla en dijes o aros te envuelve en su energ\u00eda serena, ayud\u00e1ndote a encontrar tu voz y transmitir tus pensamientos con claridad.","og_url":"https:\/\/plutonenlinea.com\/?product=dije-agata-calcedonia-plateado","og_site_name":"PLUTON EN LINEA","article_modified_time":"2025-01-31T02:08:51+00:00","og_image":[{"width":780,"height":780,"url":"https:\/\/mlhe0ulva4ue.i.optimole.com\/w:auto\/h:auto\/q:mauto\/ig:avif\/https:\/\/plutonenlinea.com\/wp-content\/uploads\/2024\/12\/59-e1733587276769.png","type":"image\/png"}],"twitter_card":"summary_large_image","twitter_misc":{"Tiempo de lectura":"1 minuto"},"schema":{"@context":"https:\/\/schema.org","@graph":[{"@type":"WebPage","@id":"https:\/\/plutonenlinea.com\/?product=dije-agata-calcedonia-plateado","url":"https:\/\/plutonenlinea.com\/?product=dije-agata-calcedonia-plateado","name":"Dije \u00c1gata Calcedonia","isPartOf":{"@id":"https:\/\/plutonenlinea.com\/#website"},"primaryImageOfPage":{"@id":"https:\/\/plutonenlinea.com\/?product=dije-agata-calcedonia-plateado#primaryimage"},"image":{"@id":"https:\/\/plutonenlinea.com\/?product=dije-agata-calcedonia-plateado#primaryimage"},"thumbnailUrl":"https:\/\/mlhe0ulva4ue.i.optimole.com\/w:auto\/h:auto\/q:mauto\/ig:avif\/https:\/\/plutonenlinea.com\/wp-content\/uploads\/2024\/12\/59-e1733587276769.png","datePublished":"2024-12-01T18:08:52+00:00","dateModified":"2025-01-31T02:08:51+00:00","breadcrumb":{"@id":"https:\/\/plutonenlinea.com\/?product=dije-agata-calcedonia-plateado#breadcrumb"},"inLanguage":"es-AR","potentialAction":[{"@type":"ReadAction","target":["https:\/\/plutonenlinea.com\/?product=dije-agata-calcedonia-plateado"]}]},{"@type":"ImageObject","inLanguage":"es-AR","@id":"https:\/\/plutonenlinea.com\/?product=dije-agata-calcedonia-plateado#primaryimage","url":"https:\/\/mlhe0ulva4ue.i.optimole.com\/w:auto\/h:auto\/q:mauto\/ig:avif\/https:\/\/plutonenlinea.com\/wp-content\/uploads\/2024\/12\/59-e1733587276769.png","contentUrl":"https:\/\/mlhe0ulva4ue.i.optimole.com\/w:auto\/h:auto\/q:mauto\/ig:avif\/https:\/\/plutonenlinea.com\/wp-content\/uploads\/2024\/12\/59-e1733587276769.png","width":780,"height":780},{"@type":"BreadcrumbList","@id":"https:\/\/plutonenlinea.com\/?product=dije-agata-calcedonia-plateado#breadcrumb","itemListElement":[{"@type":"ListItem","position":1,"name":"Inicio","item":"https:\/\/plutonenlinea.com\/"},{"@type":"ListItem","position":2,"name":"Tienda","item":"https:\/\/plutonenlinea.com\/?page_id=59"},{"@type":"ListItem","position":3,"name":"Dije \u00c1gata Calcedonia Plateado"}]},{"@type":"WebSite","@id":"https:\/\/plutonenlinea.com\/#website","url":"https:\/\/plutonenlinea.com\/","name":"PLUTON EN LINEA","description":"Astrolog\u00eda y Tarot Evolutivo","publisher":{"@id":"https:\/\/plutonenlinea.com\/#organization"},"potentialAction":[{"@type":"SearchAction","target":{"@type":"EntryPoint","urlTemplate":"https:\/\/plutonenlinea.com\/?s={search_term_string}"},"query-input":{"@type":"PropertyValueSpecification","valueRequired":true,"valueName":"search_term_string"}}],"inLanguage":"es-AR"},{"@type":"Organization","@id":"https:\/\/plutonenlinea.com\/#organization","name":"PLUTON EN LINEA","url":"https:\/\/plutonenlinea.com\/","logo":{"@type":"ImageObject","inLanguage":"es-AR","@id":"https:\/\/plutonenlinea.com\/#\/schema\/logo\/image\/","url":"https:\/\/mlhe0ulva4ue.i.optimole.com\/w:auto\/h:auto\/q:mauto\/ig:avif\/https:\/\/plutonenlinea.com\/wp-content\/uploads\/2024\/04\/cropped-cropped-Diseno-sin-titulo-1.png","contentUrl":"https:\/\/mlhe0ulva4ue.i.optimole.com\/w:auto\/h:auto\/q:mauto\/ig:avif\/https:\/\/plutonenlinea.com\/wp-content\/uploads\/2024\/04\/cropped-cropped-Diseno-sin-titulo-1.png","width":512,"height":512,"caption":"PLUTON EN LINEA"},"image":{"@id":"https:\/\/plutonenlinea.com\/#\/schema\/logo\/image\/"},"sameAs":["https:\/\/www.instagram.com\/plutonenlinea\/"]}]}},"_links":{"self":[{"href":"https:\/\/plutonenlinea.com\/index.php?rest_route=\/wp\/v2\/product\/988","targetHints":{"allow":["GET"]}}],"collection":[{"href":"https:\/\/plutonenlinea.com\/index.php?rest_route=\/wp\/v2\/product"}],"about":[{"href":"https:\/\/plutonenlinea.com\/index.php?rest_route=\/wp\/v2\/types\/product"}],"replies":[{"embeddable":true,"href":"https:\/\/plutonenlinea.com\/index.php?rest_route=%2Fwp%2Fv2%2Fcomments&post=988"}],"version-history":[{"count":2,"href":"https:\/\/plutonenlinea.com\/index.php?rest_route=\/wp\/v2\/product\/988\/revisions"}],"predecessor-version":[{"id":1078,"href":"https:\/\/plutonenlinea.com\/index.php?rest_route=\/wp\/v2\/product\/988\/revisions\/1078"}],"wp:featuredmedia":[{"embeddable":true,"href":"https:\/\/plutonenlinea.com\/index.php?rest_route=\/wp\/v2\/media\/989"}],"wp:attachment":[{"href":"https:\/\/plutonenlinea.com\/index.php?rest_route=%2Fwp%2Fv2%2Fmedia&parent=988"}],"wp:term":[{"taxonomy":"product_brand","embeddable":true,"href":"https:\/\/plutonenlinea.com\/index.php?rest_route=%2Fwp%2Fv2%2Fproduct_brand&post=988"},{"taxonomy":"product_cat","embeddable":true,"href":"https:\/\/plutonenlinea.com\/index.php?rest_route=%2Fwp%2Fv2%2Fproduct_cat&post=988"},{"taxonomy":"product_tag","embeddable":true,"href":"https:\/\/plutonenlinea.com\/index.php?rest_route=%2Fwp%2Fv2%2Fproduct_tag&post=988"}],"curies":[{"name":"wp","href":"https:\/\/api.w.org\/{rel}","templated":true}]}}